{"id":18,"date":"2023-05-31T16:59:01","date_gmt":"2023-05-31T14:59:01","guid":{"rendered":"http:\/\/martinmarik.eu\/?page_id=18"},"modified":"2026-04-01T21:33:28","modified_gmt":"2026-04-01T19:33:28","slug":"vystavy","status":"publish","type":"page","link":"https:\/\/martinmarik.eu\/index.php\/vystavy\/","title":{"rendered":"V\u00fdstavy"},"content":{"rendered":"\n<h2 class=\"wp-block-heading\">Minul\u00e9:<\/h2>\n\n\n\n<figure class=\"wp-block-image size-large is-resized\"><img decoding=\"async\" loading=\"lazy\" src=\"https:\/\/martinmarik.eu\/wp-content\/uploads\/2025\/11\/marik_plakat-A4-724x1024.jpg\" alt=\"\" class=\"wp-image-431\" width=\"506\" height=\"715\" srcset=\"https:\/\/martinmarik.eu\/wp-content\/uploads\/2025\/11\/marik_plakat-A4-724x1024.jpg 724w, https:\/\/martinmarik.eu\/wp-content\/uploads\/2025\/11\/marik_plakat-A4-212x300.jpg 212w, https:\/\/martinmarik.eu\/wp-content\/uploads\/2025\/11\/marik_plakat-A4-768x1086.jpg 768w, https:\/\/martinmarik.eu\/wp-content\/uploads\/2025\/11\/marik_plakat-A4-1086x1536.jpg 1086w, https:\/\/martinmarik.eu\/wp-content\/uploads\/2025\/11\/marik_plakat-A4-1448x2048.jpg 1448w, https:\/\/martinmarik.eu\/wp-content\/uploads\/2025\/11\/marik_plakat-A4-750x1061.jpg 750w, https:\/\/martinmarik.eu\/wp-content\/uploads\/2025\/11\/marik_plakat-A4-scaled.jpg 1810w\" sizes=\"(max-width: 506px) 100vw, 506px\" \/><\/figure>\n\n\n\n<p><strong>V\u00fdstava prodlou\u017eena do 28.2.<\/strong><\/p>\n\n\n\n<p><strong>Champagneria<\/strong><br><a href=\"https:\/\/maps.app.goo.gl\/X4Q6bKtyXkgVUj2u8\" data-type=\"URL\" data-id=\"https:\/\/maps.app.goo.gl\/X4Q6bKtyXkgVUj2u8\">Pr\u016fchodn\u00ed 4, Star\u00e9 M\u011bsto<\/a> otev\u0159eno Po-P\u00e1 16 &#8211; 24 hod<\/p>\n\n\n\n<p><a href=\"https:\/\/www.champagneria.cz\"><strong>www.champagneria.cz<\/strong><\/a><\/p>\n\n\n\n<p>Foto a video z vernis\u00e1\u017ee:<\/p>\n\n\n\n<div class=\"wp-block-columns is-layout-flex wp-container-3\">\n<div class=\"wp-block-column is-layout-flow\">\n<figure class=\"wp-block-image size-large\"><img decoding=\"async\" loading=\"lazy\" width=\"1024\" height=\"683\" src=\"https:\/\/martinmarik.eu\/wp-content\/uploads\/2026\/04\/IMG_3298-1024x683.jpg\" alt=\"\" class=\"wp-image-525\" srcset=\"https:\/\/martinmarik.eu\/wp-content\/uploads\/2026\/04\/IMG_3298-1024x683.jpg 1024w, https:\/\/martinmarik.eu\/wp-content\/uploads\/2026\/04\/IMG_3298-300x200.jpg 300w, https:\/\/martinmarik.eu\/wp-content\/uploads\/2026\/04\/IMG_3298-768x512.jpg 768w, https:\/\/martinmarik.eu\/wp-content\/uploads\/2026\/04\/IMG_3298-1536x1024.jpg 1536w, https:\/\/martinmarik.eu\/wp-content\/uploads\/2026\/04\/IMG_3298-750x500.jpg 750w, https:\/\/martinmarik.eu\/wp-content\/uploads\/2026\/04\/IMG_3298.jpg 2048w\" sizes=\"(max-width: 1024px) 100vw, 1024px\" \/><\/figure>\n<\/div>\n\n\n\n<div class=\"wp-block-column is-layout-flow\">\n<figure class=\"wp-block-video\"><video controls src=\"https:\/\/martinmarik.eu\/wp-content\/uploads\/2026\/04\/Vernisaz_Champagneria.mov\"><\/video><\/figure>\n<\/div>\n<\/div>\n\n\n\n<hr class=\"wp-block-separator has-alpha-channel-opacity\"\/>\n\n\n\n<figure class=\"wp-block-image size-large is-resized\"><img decoding=\"async\" loading=\"lazy\" src=\"https:\/\/martinmarik.eu\/wp-content\/uploads\/2025\/08\/marik_plakat_A4-1-1024x727.jpg\" alt=\"\" class=\"wp-image-394\" width=\"605\" height=\"430\" srcset=\"https:\/\/martinmarik.eu\/wp-content\/uploads\/2025\/08\/marik_plakat_A4-1-1024x727.jpg 1024w, https:\/\/martinmarik.eu\/wp-content\/uploads\/2025\/08\/marik_plakat_A4-1-300x213.jpg 300w, https:\/\/martinmarik.eu\/wp-content\/uploads\/2025\/08\/marik_plakat_A4-1-768x545.jpg 768w, https:\/\/martinmarik.eu\/wp-content\/uploads\/2025\/08\/marik_plakat_A4-1-750x532.jpg 750w, https:\/\/martinmarik.eu\/wp-content\/uploads\/2025\/08\/marik_plakat_A4-1.jpg 1130w\" sizes=\"(max-width: 605px) 100vw, 605px\" \/><\/figure>\n\n\n\n<p><strong>Prodejn\u00ed v\u00fdstava obraz\u016f srpen &#8211; prosinec 2025<\/strong><\/p>\n\n\n\n<p>Semin\u00e1\u0159 Caf\u00e9<br>U Lu\u017eick\u00e9ho semin\u00e1\u0159e 15, Mal\u00e1 Strana<br><a href=\"http:\/\/www.seminarcafe.cz\/\">www.seminarcafe.cz<\/a><br>Denn\u011b 11 &#8211; 22 hod.<\/p>\n\n\n\n<p>Foto z v\u00fdstavy:<\/p>\n\n\n\n<figure class=\"wp-block-gallery has-nested-images columns-default is-cropped wp-block-gallery-4 is-layout-flex\">\n<figure class=\"wp-block-image size-large\"><img decoding=\"async\" loading=\"lazy\" width=\"1024\" height=\"683\" data-id=\"485\"  src=\"https:\/\/martinmarik.eu\/wp-content\/uploads\/2025\/11\/IMG_0215-1-1024x683.jpg\" alt=\"\" class=\"wp-image-485\" srcset=\"https:\/\/martinmarik.eu\/wp-content\/uploads\/2025\/11\/IMG_0215-1-1024x683.jpg 1024w, https:\/\/martinmarik.eu\/wp-content\/uploads\/2025\/11\/IMG_0215-1-300x200.jpg 300w, https:\/\/martinmarik.eu\/wp-content\/uploads\/2025\/11\/IMG_0215-1-768x512.jpg 768w, https:\/\/martinmarik.eu\/wp-content\/uploads\/2025\/11\/IMG_0215-1-1536x1024.jpg 1536w, https:\/\/martinmarik.eu\/wp-content\/uploads\/2025\/11\/IMG_0215-1-750x500.jpg 750w, https:\/\/martinmarik.eu\/wp-content\/uploads\/2025\/11\/IMG_0215-1.jpg 2048w\" sizes=\"(max-width: 1024px) 100vw, 1024px\" \/><\/figure>\n\n\n\n<figure class=\"wp-block-image size-large\"><img decoding=\"async\" loading=\"lazy\" width=\"1024\" height=\"683\" data-id=\"486\"  src=\"https:\/\/martinmarik.eu\/wp-content\/uploads\/2025\/11\/IMG_0295-1-1024x683.jpg\" alt=\"\" class=\"wp-image-486\" srcset=\"https:\/\/martinmarik.eu\/wp-content\/uploads\/2025\/11\/IMG_0295-1-1024x683.jpg 1024w, https:\/\/martinmarik.eu\/wp-content\/uploads\/2025\/11\/IMG_0295-1-300x200.jpg 300w, https:\/\/martinmarik.eu\/wp-content\/uploads\/2025\/11\/IMG_0295-1-768x512.jpg 768w, https:\/\/martinmarik.eu\/wp-content\/uploads\/2025\/11\/IMG_0295-1-1536x1024.jpg 1536w, https:\/\/martinmarik.eu\/wp-content\/uploads\/2025\/11\/IMG_0295-1-750x500.jpg 750w, https:\/\/martinmarik.eu\/wp-content\/uploads\/2025\/11\/IMG_0295-1.jpg 2048w\" sizes=\"(max-width: 1024px) 100vw, 1024px\" \/><\/figure>\n<\/figure>\n\n\n\n<hr class=\"wp-block-separator has-alpha-channel-opacity\"\/>\n\n\n\n<h2 class=\"wp-block-heading\"><\/h2>\n\n\n\n<figure class=\"wp-block-image size-large is-resized\"><img decoding=\"async\" loading=\"lazy\" src=\"https:\/\/martinmarik.eu\/wp-content\/uploads\/2025\/08\/marik_pozvanka_ujezd_2025-726x1024.jpg\" alt=\"\" class=\"wp-image-399\" width=\"358\" height=\"505\" srcset=\"https:\/\/martinmarik.eu\/wp-content\/uploads\/2025\/08\/marik_pozvanka_ujezd_2025-726x1024.jpg 726w, https:\/\/martinmarik.eu\/wp-content\/uploads\/2025\/08\/marik_pozvanka_ujezd_2025-213x300.jpg 213w, https:\/\/martinmarik.eu\/wp-content\/uploads\/2025\/08\/marik_pozvanka_ujezd_2025-768x1083.jpg 768w, https:\/\/martinmarik.eu\/wp-content\/uploads\/2025\/08\/marik_pozvanka_ujezd_2025-1090x1536.jpg 1090w, https:\/\/martinmarik.eu\/wp-content\/uploads\/2025\/08\/marik_pozvanka_ujezd_2025-750x1057.jpg 750w, https:\/\/martinmarik.eu\/wp-content\/uploads\/2025\/08\/marik_pozvanka_ujezd_2025.jpg 1240w\" sizes=\"(max-width: 358px) 100vw, 358px\" \/><\/figure>\n\n\n\n<p><strong>Prodejn\u00ed v\u00fdstava obraz\u016f<\/strong><\/p>\n\n\n\n<p><strong>11. z\u00e1\u0159\u00ed a\u017e 31. \u0159\u00edjen<\/strong><\/p>\n\n\n\n<p><strong>Vinn\u00fd \u00dajezd<\/strong>&nbsp;v Praze na \u00dajezd\u011b<br><a href=\"https:\/\/www.google.com\/maps\/search\/%C3%9Ajezd%C4%9B+Praha+1,+%C3%9Ajezd+409%2F19?entry=gmail&amp;source=g\">Praha 1, \u00dajezd 409\/19<\/a>, otev\u0159eno Po-P\u00e1 17 &#8211; 24 hod<\/p>\n\n\n\n<p><strong><a rel=\"noreferrer noopener\" href=\"http:\/\/www.vinnyujezd.cz\/\" target=\"_blank\">www.vinnyujezd.cz<\/a><\/strong><\/p>\n\n\n\n<hr class=\"wp-block-separator has-alpha-channel-opacity\"\/>\n\n\n\n<div class=\"wp-block-columns is-layout-flex wp-container-8\">\n<div class=\"wp-block-column is-layout-flow\" style=\"flex-basis:33.33%\">\n<figure class=\"wp-block-image size-full is-resized\"><img decoding=\"async\" loading=\"lazy\" src=\"https:\/\/martinmarik.eu\/wp-content\/uploads\/2025\/02\/lut_postava_2023.jpg\" alt=\"\" class=\"wp-image-389\" width=\"281\" height=\"431\" srcset=\"https:\/\/martinmarik.eu\/wp-content\/uploads\/2025\/02\/lut_postava_2023.jpg 300w, https:\/\/martinmarik.eu\/wp-content\/uploads\/2025\/02\/lut_postava_2023-195x300.jpg 195w\" sizes=\"(max-width: 281px) 100vw, 281px\" \/><\/figure>\n<\/div>\n\n\n\n<div class=\"wp-block-column is-layout-flow\" style=\"flex-basis:66.66%\">\n<p><strong>Vinot\u00e9ka Mat\u011bj<\/strong><br>Butovick\u00e1 70, Praha 5<\/p>\n\n\n\n<p><strong>3. 2. 2025 &#8211; 28. 2. 2025<\/strong><\/p>\n<\/div>\n<\/div>\n\n\n\n<p><\/p>\n\n\n\n<hr class=\"wp-block-separator has-alpha-channel-opacity\"\/>\n\n\n\n<h2 class=\"wp-block-heading\">HLAVY A PT\u00c1CI, XI-XII\/2024<\/h2>\n\n\n\n<figure class=\"wp-block-image size-large is-resized\"><img decoding=\"async\" loading=\"lazy\" src=\"https:\/\/martinmarik.eu\/wp-content\/uploads\/2024\/10\/vystava-cafe-zahorsky_plakaty-tisk_02-725x1024.jpg\" alt=\"\" class=\"wp-image-380\" width=\"469\" height=\"662\" srcset=\"https:\/\/martinmarik.eu\/wp-content\/uploads\/2024\/10\/vystava-cafe-zahorsky_plakaty-tisk_02-725x1024.jpg 725w, https:\/\/martinmarik.eu\/wp-content\/uploads\/2024\/10\/vystava-cafe-zahorsky_plakaty-tisk_02-212x300.jpg 212w, https:\/\/martinmarik.eu\/wp-content\/uploads\/2024\/10\/vystava-cafe-zahorsky_plakaty-tisk_02-768x1085.jpg 768w, https:\/\/martinmarik.eu\/wp-content\/uploads\/2024\/10\/vystava-cafe-zahorsky_plakaty-tisk_02-1087x1536.jpg 1087w, https:\/\/martinmarik.eu\/wp-content\/uploads\/2024\/10\/vystava-cafe-zahorsky_plakaty-tisk_02-750x1060.jpg 750w, https:\/\/martinmarik.eu\/wp-content\/uploads\/2024\/10\/vystava-cafe-zahorsky_plakaty-tisk_02.jpg 1123w\" sizes=\"(max-width: 469px) 100vw, 469px\" \/><\/figure>\n\n\n\n<hr class=\"wp-block-separator has-alpha-channel-opacity\"\/>\n\n\n\n<h2 class=\"wp-block-heading\">HLAVY etc&#8230;, IX-X\/2024<\/h2>\n\n\n\n<figure class=\"wp-block-image size-large is-resized\"><img decoding=\"async\" loading=\"lazy\" src=\"https:\/\/martinmarik.eu\/wp-content\/uploads\/2024\/09\/storage_emulated_0_Android_data_com.adobe_.reader_files_Pictures_Adobe-Acrobat-Exports_vystava-hlavy_u-posledniho-soudu_nahled_02_0-724x1024.jpg\" alt=\"\" class=\"wp-image-342\" width=\"477\" height=\"674\" srcset=\"https:\/\/martinmarik.eu\/wp-content\/uploads\/2024\/09\/storage_emulated_0_Android_data_com.adobe_.reader_files_Pictures_Adobe-Acrobat-Exports_vystava-hlavy_u-posledniho-soudu_nahled_02_0-724x1024.jpg 724w, https:\/\/martinmarik.eu\/wp-content\/uploads\/2024\/09\/storage_emulated_0_Android_data_com.adobe_.reader_files_Pictures_Adobe-Acrobat-Exports_vystava-hlavy_u-posledniho-soudu_nahled_02_0-212x300.jpg 212w, https:\/\/martinmarik.eu\/wp-content\/uploads\/2024\/09\/storage_emulated_0_Android_data_com.adobe_.reader_files_Pictures_Adobe-Acrobat-Exports_vystava-hlavy_u-posledniho-soudu_nahled_02_0-768x1086.jpg 768w, https:\/\/martinmarik.eu\/wp-content\/uploads\/2024\/09\/storage_emulated_0_Android_data_com.adobe_.reader_files_Pictures_Adobe-Acrobat-Exports_vystava-hlavy_u-posledniho-soudu_nahled_02_0-1086x1536.jpg 1086w, https:\/\/martinmarik.eu\/wp-content\/uploads\/2024\/09\/storage_emulated_0_Android_data_com.adobe_.reader_files_Pictures_Adobe-Acrobat-Exports_vystava-hlavy_u-posledniho-soudu_nahled_02_0-1448x2048.jpg 1448w, https:\/\/martinmarik.eu\/wp-content\/uploads\/2024\/09\/storage_emulated_0_Android_data_com.adobe_.reader_files_Pictures_Adobe-Acrobat-Exports_vystava-hlavy_u-posledniho-soudu_nahled_02_0-750x1061.jpg 750w, https:\/\/martinmarik.eu\/wp-content\/uploads\/2024\/09\/storage_emulated_0_Android_data_com.adobe_.reader_files_Pictures_Adobe-Acrobat-Exports_vystava-hlavy_u-posledniho-soudu_nahled_02_0-scaled.jpg 1810w\" sizes=\"(max-width: 477px) 100vw, 477px\" \/><\/figure>\n\n\n\n<p>Foto z vernis\u00e1\u017ee:<\/p>\n\n\n\n<figure class=\"wp-block-image size-large is-resized\"><img decoding=\"async\" loading=\"lazy\" src=\"https:\/\/martinmarik.eu\/wp-content\/uploads\/2024\/09\/IMG_20240911_194536564-1024x768.jpg\" alt=\"\" class=\"wp-image-351\" width=\"604\" height=\"453\" srcset=\"https:\/\/martinmarik.eu\/wp-content\/uploads\/2024\/09\/IMG_20240911_194536564-1024x768.jpg 1024w, https:\/\/martinmarik.eu\/wp-content\/uploads\/2024\/09\/IMG_20240911_194536564-300x225.jpg 300w, https:\/\/martinmarik.eu\/wp-content\/uploads\/2024\/09\/IMG_20240911_194536564-768x576.jpg 768w, https:\/\/martinmarik.eu\/wp-content\/uploads\/2024\/09\/IMG_20240911_194536564-1536x1152.jpg 1536w, https:\/\/martinmarik.eu\/wp-content\/uploads\/2024\/09\/IMG_20240911_194536564-2048x1536.jpg 2048w, https:\/\/martinmarik.eu\/wp-content\/uploads\/2024\/09\/IMG_20240911_194536564-750x563.jpg 750w\" sizes=\"(max-width: 604px) 100vw, 604px\" \/><\/figure>\n\n\n\n<hr class=\"wp-block-separator has-alpha-channel-opacity\"\/>\n\n\n\n<h2 class=\"wp-block-heading\">HLAVY, VI\/2023<\/h2>\n\n\n\n<figure class=\"wp-block-image size-large is-resized\"><img decoding=\"async\" loading=\"lazy\" src=\"https:\/\/martinmarik.eu\/wp-content\/uploads\/2024\/05\/Vernisaz-Marik-5.6.24-723x1024.jpg\" alt=\"\" class=\"wp-image-298\" width=\"541\" height=\"766\" srcset=\"https:\/\/martinmarik.eu\/wp-content\/uploads\/2024\/05\/Vernisaz-Marik-5.6.24-723x1024.jpg 723w, https:\/\/martinmarik.eu\/wp-content\/uploads\/2024\/05\/Vernisaz-Marik-5.6.24-212x300.jpg 212w, https:\/\/martinmarik.eu\/wp-content\/uploads\/2024\/05\/Vernisaz-Marik-5.6.24-768x1088.jpg 768w, https:\/\/martinmarik.eu\/wp-content\/uploads\/2024\/05\/Vernisaz-Marik-5.6.24-1084x1536.jpg 1084w, https:\/\/martinmarik.eu\/wp-content\/uploads\/2024\/05\/Vernisaz-Marik-5.6.24-750x1063.jpg 750w, https:\/\/martinmarik.eu\/wp-content\/uploads\/2024\/05\/Vernisaz-Marik-5.6.24.jpg 1120w\" sizes=\"(max-width: 541px) 100vw, 541px\" \/><\/figure>\n\n\n\n<p>Foto z vernis\u00e1\u017ee:<\/p>\n\n\n\n<div class=\"wp-block-columns is-layout-flex wp-container-11\">\n<div class=\"wp-block-column is-layout-flow\">\n<figure class=\"wp-block-image size-full\"><img decoding=\"async\" loading=\"lazy\" width=\"756\" height=\"1008\" src=\"https:\/\/martinmarik.eu\/wp-content\/uploads\/2024\/09\/IMG_1604_mala.jpg\" alt=\"\" class=\"wp-image-321\" srcset=\"https:\/\/martinmarik.eu\/wp-content\/uploads\/2024\/09\/IMG_1604_mala.jpg 756w, https:\/\/martinmarik.eu\/wp-content\/uploads\/2024\/09\/IMG_1604_mala-225x300.jpg 225w, https:\/\/martinmarik.eu\/wp-content\/uploads\/2024\/09\/IMG_1604_mala-750x1000.jpg 750w\" sizes=\"(max-width: 756px) 100vw, 756px\" \/><\/figure>\n<\/div>\n\n\n\n<div class=\"wp-block-column is-layout-flow\">\n<figure class=\"wp-block-image size-full\"><img decoding=\"async\" loading=\"lazy\" width=\"756\" height=\"1008\" src=\"https:\/\/martinmarik.eu\/wp-content\/uploads\/2024\/09\/IMG_1606_mala.jpg\" alt=\"\" class=\"wp-image-322\" srcset=\"https:\/\/martinmarik.eu\/wp-content\/uploads\/2024\/09\/IMG_1606_mala.jpg 756w, https:\/\/martinmarik.eu\/wp-content\/uploads\/2024\/09\/IMG_1606_mala-225x300.jpg 225w, https:\/\/martinmarik.eu\/wp-content\/uploads\/2024\/09\/IMG_1606_mala-750x1000.jpg 750w\" sizes=\"(max-width: 756px) 100vw, 756px\" \/><\/figure>\n<\/div>\n<\/div>\n\n\n\n<hr class=\"wp-block-separator has-alpha-channel-opacity\"\/>\n\n\n\n<h2 class=\"wp-block-heading\">Martin Ma\u0159\u00edk, V-VI\/2023<\/h2>\n\n\n\n<figure class=\"wp-block-image size-full\"><img decoding=\"async\" loading=\"lazy\" width=\"2500\" height=\"1308\" src=\"https:\/\/martinmarik.eu\/wp-content\/uploads\/2023\/06\/marik_pozvanka.jpg\" alt=\"\" class=\"wp-image-176\" srcset=\"https:\/\/martinmarik.eu\/wp-content\/uploads\/2023\/06\/marik_pozvanka.jpg 2500w, https:\/\/martinmarik.eu\/wp-content\/uploads\/2023\/06\/marik_pozvanka-300x157.jpg 300w, https:\/\/martinmarik.eu\/wp-content\/uploads\/2023\/06\/marik_pozvanka-1024x536.jpg 1024w, https:\/\/martinmarik.eu\/wp-content\/uploads\/2023\/06\/marik_pozvanka-768x402.jpg 768w, https:\/\/martinmarik.eu\/wp-content\/uploads\/2023\/06\/marik_pozvanka-1536x804.jpg 1536w, https:\/\/martinmarik.eu\/wp-content\/uploads\/2023\/06\/marik_pozvanka-2048x1072.jpg 2048w, https:\/\/martinmarik.eu\/wp-content\/uploads\/2023\/06\/marik_pozvanka-750x392.jpg 750w\" sizes=\"(max-width: 2500px) 100vw, 2500px\" \/><\/figure>\n\n\n\n<p><\/p>\n\n\n\n<p>Foto z vernis\u00e1\u017ee:<\/p>\n\n\n\n<div class=\"wp-block-columns is-layout-flex wp-container-17\">\n<div class=\"wp-block-column is-layout-flow\" style=\"flex-basis:100%\">\n<div class=\"wp-block-columns is-layout-flex wp-container-14\">\n<div class=\"wp-block-column is-layout-flow\">\n<figure class=\"wp-block-image size-large is-resized\"><img decoding=\"async\" loading=\"lazy\" src=\"https:\/\/martinmarik.eu\/wp-content\/uploads\/2023\/08\/vernis-3-1024x683.jpg\" alt=\"\" class=\"wp-image-237\" width=\"219\" height=\"146\" srcset=\"https:\/\/martinmarik.eu\/wp-content\/uploads\/2023\/08\/vernis-3-1024x683.jpg 1024w, https:\/\/martinmarik.eu\/wp-content\/uploads\/2023\/08\/vernis-3-300x200.jpg 300w, https:\/\/martinmarik.eu\/wp-content\/uploads\/2023\/08\/vernis-3-768x512.jpg 768w, https:\/\/martinmarik.eu\/wp-content\/uploads\/2023\/08\/vernis-3-750x500.jpg 750w, https:\/\/martinmarik.eu\/wp-content\/uploads\/2023\/08\/vernis-3.jpg 1334w\" sizes=\"(max-width: 219px) 100vw, 219px\" \/><\/figure>\n<\/div>\n\n\n\n<div class=\"wp-block-column is-layout-flow\">\n<figure class=\"wp-block-image size-large is-resized\"><img decoding=\"async\" loading=\"lazy\" src=\"https:\/\/martinmarik.eu\/wp-content\/uploads\/2023\/08\/vernisaz-2-3-1024x683.jpg\" alt=\"\" class=\"wp-image-238\" width=\"219\" height=\"146\" srcset=\"https:\/\/martinmarik.eu\/wp-content\/uploads\/2023\/08\/vernisaz-2-3-1024x683.jpg 1024w, https:\/\/martinmarik.eu\/wp-content\/uploads\/2023\/08\/vernisaz-2-3-300x200.jpg 300w, https:\/\/martinmarik.eu\/wp-content\/uploads\/2023\/08\/vernisaz-2-3-768x512.jpg 768w, https:\/\/martinmarik.eu\/wp-content\/uploads\/2023\/08\/vernisaz-2-3-750x500.jpg 750w, https:\/\/martinmarik.eu\/wp-content\/uploads\/2023\/08\/vernisaz-2-3.jpg 1368w\" sizes=\"(max-width: 219px) 100vw, 219px\" \/><\/figure>\n<\/div>\n<\/div>\n<\/div>\n\n\n\n<div class=\"wp-block-column is-layout-flow\" style=\"flex-basis:100%\">\n<p><\/p>\n<\/div>\n<\/div>\n","protected":false},"excerpt":{"rendered":"<p>Minul\u00e9: V\u00fdstava prodlou\u017eena do 28.2. ChampagneriaPr\u016fchodn\u00ed 4, Star\u00e9 M\u011bsto otev\u0159eno Po-P\u00e1 16 &#8211; 24 hod www.champagneria.cz Foto a video z vernis\u00e1\u017ee: Prodejn\u00ed v\u00fdstava obraz\u016f srpen &#8211; prosinec 2025 Semin\u00e1\u0159 Caf\u00e9U Lu\u017eick\u00e9ho semin\u00e1\u0159e 15, Mal\u00e1 Stranawww.seminarcafe.czDenn\u011b 11 &#8211; 22 hod. Foto z v\u00fdstavy: Prodejn\u00ed v\u00fdstava obraz\u016f 11. z\u00e1\u0159\u00ed a\u017e 31. \u0159\u00edjen Vinn\u00fd \u00dajezd&nbsp;v Praze na \u00dajezd\u011bPraha [&hellip;]<\/p>\n","protected":false},"author":1,"featured_media":0,"parent":0,"menu_order":2,"comment_status":"closed","ping_status":"closed","template":"","meta":[],"_links":{"self":[{"href":"https:\/\/martinmarik.eu\/index.php\/wp-json\/wp\/v2\/pages\/18"}],"collection":[{"href":"https:\/\/martinmarik.eu\/index.php\/wp-json\/wp\/v2\/pages"}],"about":[{"href":"https:\/\/martinmarik.eu\/index.php\/wp-json\/wp\/v2\/types\/page"}],"author":[{"embeddable":true,"href":"https:\/\/martinmarik.eu\/index.php\/wp-json\/wp\/v2\/users\/1"}],"replies":[{"embeddable":true,"href":"https:\/\/martinmarik.eu\/index.php\/wp-json\/wp\/v2\/comments?post=18"}],"version-history":[{"count":44,"href":"https:\/\/martinmarik.eu\/index.php\/wp-json\/wp\/v2\/pages\/18\/revisions"}],"predecessor-version":[{"id":528,"href":"https:\/\/martinmarik.eu\/index.php\/wp-json\/wp\/v2\/pages\/18\/revisions\/528"}],"wp:attachment":[{"href":"https:\/\/martinmarik.eu\/index.php\/wp-json\/wp\/v2\/media?parent=18"}],"curies":[{"name":"wp","href":"https:\/\/api.w.org\/{rel}","templated":true}]}}