{"id":19,"date":"2023-05-31T16:59:01","date_gmt":"2023-05-31T14:59:01","guid":{"rendered":"http:\/\/martinmarik.eu\/?page_id=19"},"modified":"2025-09-21T17:52:54","modified_gmt":"2025-09-21T15:52:54","slug":"kontakt","status":"publish","type":"page","link":"https:\/\/martinmarik.eu\/index.php\/kontakt\/","title":{"rendered":"Kontakt"},"content":{"rendered":"\n<div class=\"wp-block-columns is-layout-flex wp-container-3\">\n<div class=\"wp-block-column is-layout-flow\" style=\"flex-basis:45%\">\n<figure class=\"wp-block-image size-large\"><img decoding=\"async\" loading=\"lazy\" width=\"683\" height=\"1024\" src=\"https:\/\/martinmarik.eu\/wp-content\/uploads\/2023\/06\/L1020619-683x1024.jpg\" alt=\"\" class=\"wp-image-135\" srcset=\"https:\/\/martinmarik.eu\/wp-content\/uploads\/2023\/06\/L1020619-683x1024.jpg 683w, https:\/\/martinmarik.eu\/wp-content\/uploads\/2023\/06\/L1020619-200x300.jpg 200w, https:\/\/martinmarik.eu\/wp-content\/uploads\/2023\/06\/L1020619-768x1152.jpg 768w, https:\/\/martinmarik.eu\/wp-content\/uploads\/2023\/06\/L1020619-1024x1536.jpg 1024w, https:\/\/martinmarik.eu\/wp-content\/uploads\/2023\/06\/L1020619-1365x2048.jpg 1365w, https:\/\/martinmarik.eu\/wp-content\/uploads\/2023\/06\/L1020619-750x1125.jpg 750w, https:\/\/martinmarik.eu\/wp-content\/uploads\/2023\/06\/L1020619-scaled.jpg 1707w\" sizes=\"(max-width: 683px) 100vw, 683px\" \/><figcaption class=\"wp-element-caption\">Foto Karel Cudl\u00edn (pro R\u042f)<\/figcaption><\/figure>\n<\/div>\n\n\n\n<div class=\"wp-block-column is-layout-flow\" style=\"flex-basis:55%\">\n<p><strong>Martin Ma\u0159\u00edk<\/strong>, narozen v&nbsp;Praze roku 1961, absolvent Vysok\u00e9 \u0161koly zem\u011bd\u011blsk\u00e9, p\u016fsobil bezm\u00e1la 30 let jako novin\u00e1\u0159 v&nbsp;den\u00edc\u00edch (MF Dnes,  Hospod\u00e1\u0159sk\u00e9 noviny) i t\u00fdden\u00edc\u00edch (Ekonom, tabletov\u00fd t\u00fdden\u00edk Dotyk). Nejprve se zab\u00fdval agr\u00e1rn\u00ed politikou, posl\u00e9ze \u0161ir\u0161\u00edmi  ekonomicko-politick\u00fdmi t\u00e9maty a kauzami. P\u0159ipravoval i rozhovory s&nbsp;osobnostmi politiky a rovn\u011b\u017e kultury: nap\u0159. s&nbsp;Ji\u0159\u00edm B\u011blohl\u00e1vkem, Pavlem \u010cernochem, Danem B\u00e1rtou, Ji\u0159\u00edm Such\u00fdm, Ji\u0159\u00edm Fajtem, Pavlem Kosat\u00edkem.<\/p>\n\n\n\n<p>Malov\u00e1n\u00ed se v\u011bnoval krat\u0161\u00ed dobu u\u017e v&nbsp;80. letech, nakr\u00e1tko i koncem let devades\u00e1t\u00fdch, soustavn\u011b a naplno provozuje tuto \u010dinnost a\u017e v&nbsp;posledn\u00edch \u010dty\u0159ech letech. Technikou vych\u00e1z\u00ed z&nbsp;olejomalby, ji\u017e ov\u0161em kombinuje s&nbsp;akrylem, pastelem, epoxidov\u00fdmi prysky\u0159icemi a vyu\u017e\u00edv\u00e1n\u00edm dal\u0161\u00edch materi\u00e1l\u016f \u2013 p\u00edsk\u016f, kamen\u016f, atd\u2026<\/p>\n\n\n\n<p>Je synovcem mal\u00ed\u0159e Jana \u0160p\u00e1ly.<\/p>\n\n\n\n<p>P\u00ed\u0161e rovn\u011b\u017e beletrii, krat\u0161\u00ed texty vy\u0161ly v&nbsp;liter\u00e1rn\u00edch \u010dasopisech Tvar \u010di Pandora. Uk\u00e1zku z&nbsp;rozs\u00e1hlej\u0161\u00ed pr\u00e1ce Olympos Mons: Priv\u00e1tn\u00ed genocida, otiskla Revolver Revue, knihu v roce 2023 vydalo nakladatelstv\u00ed Dauphin (<a rel=\"noreferrer noopener\" href=\"http:\/\/www.dauphin.cz\/\" target=\"_blank\">www.dauphin.cz<\/a>).<\/p>\n\n\n\n<p>Bydl\u00ed v&nbsp;Praze, je \u017eenat\u00fd, m\u00e1 dva syny.<\/p>\n\n\n\n<p><\/p>\n\n\n\n<p> <br> <br> <br> <br>M\u016f\u017eete m\u011b kontaktovat na e-mailu <a rel=\"noreferrer noopener\" href=\"mailto:martin.marik11@gmail.com\" data-type=\"mailto\" data-id=\"mailto:martin.marik11@gmail.com\" target=\"_blank\">martin.marik11@gmail.com<\/a>. <\/p>\n\n\n\n<p>\n<\/p>\n<\/div>\n<\/div>\n\n\n\n<div class=\"wp-block-group alignfull has-text-color has-background is-layout-flow\" style=\"color:#000000;background-color:#ffffff\"><div class=\"wp-block-group__inner-container\">\n<div class=\"wp-block-buttons is-horizontal is-content-justification-center is-layout-flex wp-container-4\"><\/div>\n<\/div><\/div>\n","protected":false},"excerpt":{"rendered":"<p>Martin Ma\u0159\u00edk, narozen v&nbsp;Praze roku 1961, absolvent Vysok\u00e9 \u0161koly zem\u011bd\u011blsk\u00e9, p\u016fsobil bezm\u00e1la 30 let jako novin\u00e1\u0159 v&nbsp;den\u00edc\u00edch (MF Dnes, Hospod\u00e1\u0159sk\u00e9 noviny) i t\u00fdden\u00edc\u00edch (Ekonom, tabletov\u00fd t\u00fdden\u00edk Dotyk). Nejprve se zab\u00fdval agr\u00e1rn\u00ed politikou, posl\u00e9ze \u0161ir\u0161\u00edmi ekonomicko-politick\u00fdmi t\u00e9maty a kauzami. P\u0159ipravoval i rozhovory s&nbsp;osobnostmi politiky a rovn\u011b\u017e kultury: nap\u0159. s&nbsp;Ji\u0159\u00edm B\u011blohl\u00e1vkem, Pavlem \u010cernochem, Danem B\u00e1rtou, Ji\u0159\u00edm Such\u00fdm, [&hellip;]<\/p>\n","protected":false},"author":1,"featured_media":0,"parent":0,"menu_order":4,"comment_status":"closed","ping_status":"closed","template":"","meta":[],"_links":{"self":[{"href":"https:\/\/martinmarik.eu\/index.php\/wp-json\/wp\/v2\/pages\/19"}],"collection":[{"href":"https:\/\/martinmarik.eu\/index.php\/wp-json\/wp\/v2\/pages"}],"about":[{"href":"https:\/\/martinmarik.eu\/index.php\/wp-json\/wp\/v2\/types\/page"}],"author":[{"embeddable":true,"href":"https:\/\/martinmarik.eu\/index.php\/wp-json\/wp\/v2\/users\/1"}],"replies":[{"embeddable":true,"href":"https:\/\/martinmarik.eu\/index.php\/wp-json\/wp\/v2\/comments?post=19"}],"version-history":[{"count":36,"href":"https:\/\/martinmarik.eu\/index.php\/wp-json\/wp\/v2\/pages\/19\/revisions"}],"predecessor-version":[{"id":418,"href":"https:\/\/martinmarik.eu\/index.php\/wp-json\/wp\/v2\/pages\/19\/revisions\/418"}],"wp:attachment":[{"href":"https:\/\/martinmarik.eu\/index.php\/wp-json\/wp\/v2\/media?parent=19"}],"curies":[{"name":"wp","href":"https:\/\/api.w.org\/{rel}","templated":true}]}}