{"id":198,"date":"2023-06-19T13:21:46","date_gmt":"2023-06-19T11:21:46","guid":{"rendered":"http:\/\/martinmarik.eu\/?page_id=198"},"modified":"2025-09-21T17:54:11","modified_gmt":"2025-09-21T15:54:11","slug":"contact","status":"publish","type":"page","link":"https:\/\/martinmarik.eu\/index.php\/en\/contact\/","title":{"rendered":"Contact"},"content":{"rendered":"\n<div class=\"wp-block-columns is-layout-flex wp-container-3\">\n<div class=\"wp-block-column is-layout-flow\" style=\"flex-basis:45%\">\n<figure class=\"wp-block-image size-large\"><img decoding=\"async\" loading=\"lazy\" width=\"683\" height=\"1024\" src=\"https:\/\/martinmarik.eu\/wp-content\/uploads\/2023\/06\/L1020619-683x1024.jpg\" alt=\"\" class=\"wp-image-135\" srcset=\"https:\/\/martinmarik.eu\/wp-content\/uploads\/2023\/06\/L1020619-683x1024.jpg 683w, https:\/\/martinmarik.eu\/wp-content\/uploads\/2023\/06\/L1020619-200x300.jpg 200w, https:\/\/martinmarik.eu\/wp-content\/uploads\/2023\/06\/L1020619-768x1152.jpg 768w, https:\/\/martinmarik.eu\/wp-content\/uploads\/2023\/06\/L1020619-1024x1536.jpg 1024w, https:\/\/martinmarik.eu\/wp-content\/uploads\/2023\/06\/L1020619-1365x2048.jpg 1365w, https:\/\/martinmarik.eu\/wp-content\/uploads\/2023\/06\/L1020619-750x1125.jpg 750w, https:\/\/martinmarik.eu\/wp-content\/uploads\/2023\/06\/L1020619-scaled.jpg 1707w\" sizes=\"(max-width: 683px) 100vw, 683px\" \/><figcaption class=\"wp-element-caption\">Photo Karel Cudl\u00edn (for R\u042f)<\/figcaption><\/figure>\n<\/div>\n\n\n\n<div class=\"wp-block-column is-layout-flow\" style=\"flex-basis:55%\">\n<p><strong>Martin Ma\u0159\u00edk<\/strong>, born in 1961 in Prague, graduated from the Czech University of Life Sciences in Prague, he worked as a journalist in both daily (MF Dnes, Hospod\u00e1\u0159sk\u00e9 noviny) and weekly (Ekonom, Dotyk) publications. His focus was initially on agricultural politics, later on various broadly political topics and affairs. He also conducted long-form interviews with notable figures of political, as well as cultural life, e.g. Ji\u0159\u00ed B\u011blohl\u00e1vek, Pavel \u010cernoch, Dan B\u00e1rta, Ji\u0159\u00ed Such\u00fd, Ji\u0159\u00ed Fajt, Pavel Kosat\u00edk.<\/p>\n\n\n\n<p>He forayed into painting in brief periods in the 1980s and by the end of the 1990s, but has only been concentrating on it fully and continuously over the past four years. His techniques are based in oil painting, further combined with acrylic paint, pastel, epoxy resins, and other materials, such as sand, pebbles, etc.<\/p>\n\n\n\n<p>He is the nephew of the painter Jan \u0160p\u00e1la.<\/p>\n\n\n\n<p>He also writes fiction; shorter texts have been published in literary magazines Tvar and Pandora. Revolver Revue has printed an excerpt from his novel Olympos Mons: A Private Genocide. The book was published in 2023 by Dauphin (<a href=\"http:\/\/www.dauphin.cz\" data-type=\"URL\" data-id=\"www.dauphin.cz\">www.dauphin.cz<\/a>).<\/p>\n\n\n\n<p>Martin Ma\u0159\u00edk lives in Prague, married with two sons.<\/p>\n\n\n\n<p><\/p>\n\n\n\n<p> <br> <br> <br> <br>You can contact me on e-mail <a href=\"mailto:martin.marik11@gmail.com\" data-type=\"mailto\" data-id=\"mailto:martin.marik11@gmail.com\" target=\"_blank\" rel=\"noreferrer noopener\">martin.marik11@gmail.com<\/a><\/p>\n\n\n\n<p>\n<\/p>\n<\/div>\n<\/div>\n","protected":false},"excerpt":{"rendered":"<p>Martin Ma\u0159\u00edk, born in 1961 in Prague, graduated from the Czech University of Life Sciences in Prague, he worked as a journalist in both daily (MF Dnes, Hospod\u00e1\u0159sk\u00e9 noviny) and weekly (Ekonom, Dotyk) publications. His focus was initially on agricultural politics, later on various broadly political topics and affairs. He also conducted long-form interviews with [&hellip;]<\/p>\n","protected":false},"author":1,"featured_media":0,"parent":0,"menu_order":4,"comment_status":"closed","ping_status":"closed","template":"","meta":[],"_links":{"self":[{"href":"https:\/\/martinmarik.eu\/index.php\/wp-json\/wp\/v2\/pages\/198"}],"collection":[{"href":"https:\/\/martinmarik.eu\/index.php\/wp-json\/wp\/v2\/pages"}],"about":[{"href":"https:\/\/martinmarik.eu\/index.php\/wp-json\/wp\/v2\/types\/page"}],"author":[{"embeddable":true,"href":"https:\/\/martinmarik.eu\/index.php\/wp-json\/wp\/v2\/users\/1"}],"replies":[{"embeddable":true,"href":"https:\/\/martinmarik.eu\/index.php\/wp-json\/wp\/v2\/comments?post=198"}],"version-history":[{"count":10,"href":"https:\/\/martinmarik.eu\/index.php\/wp-json\/wp\/v2\/pages\/198\/revisions"}],"predecessor-version":[{"id":419,"href":"https:\/\/martinmarik.eu\/index.php\/wp-json\/wp\/v2\/pages\/198\/revisions\/419"}],"wp:attachment":[{"href":"https:\/\/martinmarik.eu\/index.php\/wp-json\/wp\/v2\/media?parent=198"}],"curies":[{"name":"wp","href":"https:\/\/api.w.org\/{rel}","templated":true}]}}