{"id":200,"date":"2023-06-19T13:22:47","date_gmt":"2023-06-19T11:22:47","guid":{"rendered":"http:\/\/martinmarik.eu\/?page_id=200"},"modified":"2026-04-01T21:50:49","modified_gmt":"2026-04-01T19:50:49","slug":"exhibitions","status":"publish","type":"page","link":"https:\/\/martinmarik.eu\/index.php\/en\/exhibitions\/","title":{"rendered":"Exhibitions"},"content":{"rendered":"\n<h2 class=\"wp-block-heading\">Past:<\/h2>\n\n\n\n<figure class=\"wp-block-image size-large is-resized\"><img decoding=\"async\" loading=\"lazy\" src=\"https:\/\/martinmarik.eu\/wp-content\/uploads\/2025\/11\/marik_plakat-A4-724x1024.jpg\" alt=\"\" class=\"wp-image-431\" width=\"506\" height=\"715\" srcset=\"https:\/\/martinmarik.eu\/wp-content\/uploads\/2025\/11\/marik_plakat-A4-724x1024.jpg 724w, https:\/\/martinmarik.eu\/wp-content\/uploads\/2025\/11\/marik_plakat-A4-212x300.jpg 212w, https:\/\/martinmarik.eu\/wp-content\/uploads\/2025\/11\/marik_plakat-A4-768x1086.jpg 768w, https:\/\/martinmarik.eu\/wp-content\/uploads\/2025\/11\/marik_plakat-A4-1086x1536.jpg 1086w, https:\/\/martinmarik.eu\/wp-content\/uploads\/2025\/11\/marik_plakat-A4-1448x2048.jpg 1448w, https:\/\/martinmarik.eu\/wp-content\/uploads\/2025\/11\/marik_plakat-A4-750x1061.jpg 750w, https:\/\/martinmarik.eu\/wp-content\/uploads\/2025\/11\/marik_plakat-A4-scaled.jpg 1810w\" sizes=\"(max-width: 506px) 100vw, 506px\" \/><\/figure>\n\n\n\n<p><strong>Champagneria<\/strong><br><a href=\"https:\/\/maps.app.goo.gl\/X4Q6bKtyXkgVUj2u8\" data-type=\"URL\" data-id=\"https:\/\/maps.app.goo.gl\/X4Q6bKtyXkgVUj2u8\">Pr\u016fchodn\u00ed 4, Star\u00e9 M\u011bsto<\/a> open Mon-Fri 4 p.m. &#8211; 12 p.m.<\/p>\n\n\n\n<p><a href=\"https:\/\/www.champagneria.cz\"><strong>www.champagneria.cz<\/strong><\/a><\/p>\n\n\n\n<p>A photo and a video from the vernissage:<\/p>\n\n\n\n<div class=\"wp-block-columns is-layout-flex wp-container-3\">\n<div class=\"wp-block-column is-layout-flow\">\n<figure class=\"wp-block-image size-large\"><img decoding=\"async\" loading=\"lazy\" width=\"1024\" height=\"683\" src=\"https:\/\/martinmarik.eu\/wp-content\/uploads\/2026\/04\/IMG_3298-1024x683.jpg\" alt=\"\" class=\"wp-image-525\" srcset=\"https:\/\/martinmarik.eu\/wp-content\/uploads\/2026\/04\/IMG_3298-1024x683.jpg 1024w, https:\/\/martinmarik.eu\/wp-content\/uploads\/2026\/04\/IMG_3298-300x200.jpg 300w, https:\/\/martinmarik.eu\/wp-content\/uploads\/2026\/04\/IMG_3298-768x512.jpg 768w, https:\/\/martinmarik.eu\/wp-content\/uploads\/2026\/04\/IMG_3298-1536x1024.jpg 1536w, https:\/\/martinmarik.eu\/wp-content\/uploads\/2026\/04\/IMG_3298-750x500.jpg 750w, https:\/\/martinmarik.eu\/wp-content\/uploads\/2026\/04\/IMG_3298.jpg 2048w\" sizes=\"(max-width: 1024px) 100vw, 1024px\" \/><\/figure>\n<\/div>\n\n\n\n<div class=\"wp-block-column is-layout-flow\">\n<figure class=\"wp-block-video\"><video controls src=\"https:\/\/martinmarik.eu\/wp-content\/uploads\/2026\/04\/Vernisaz_Champagneria.mov\"><\/video><\/figure>\n<\/div>\n<\/div>\n\n\n\n<hr class=\"wp-block-separator has-alpha-channel-opacity\"\/>\n\n\n\n<figure class=\"wp-block-image size-full is-resized\"><img decoding=\"async\" loading=\"lazy\" src=\"https:\/\/martinmarik.eu\/wp-content\/uploads\/2025\/09\/image-2.png\" alt=\"\" class=\"wp-image-423\" width=\"387\" height=\"546\" srcset=\"https:\/\/martinmarik.eu\/wp-content\/uploads\/2025\/09\/image-2.png 726w, https:\/\/martinmarik.eu\/wp-content\/uploads\/2025\/09\/image-2-213x300.png 213w\" sizes=\"(max-width: 387px) 100vw, 387px\" \/><\/figure>\n\n\n\n<p>Painting exhibition and sale<\/p>\n\n\n\n<p><strong>September 11 &#8211; October 31 2025<\/strong><\/p>\n\n\n\n<p><strong>Vinn\u00fd \u00dajezd<\/strong>&nbsp;in Prague<br><a href=\"https:\/\/www.google.com\/maps\/search\/%C3%9Ajezd%C4%9B+Praha+1,+%C3%9Ajezd+409%2F19?entry=gmail&amp;source=g\">Praha 1, \u00dajezd 409\/19<\/a>, Open Mon-Fri 17 \u2013 24 h.<\/p>\n\n\n\n<p><strong><a rel=\"noreferrer noopener\" href=\"http:\/\/www.vinnyujezd.cz\/\" target=\"_blank\">www.vinnyujezd.cz<\/a><\/strong><\/p>\n\n\n\n<hr class=\"wp-block-separator has-alpha-channel-opacity\"\/>\n\n\n\n<p>Painting exhibition and sale <\/p>\n\n\n\n<p><strong>August &#8211; December 2025<\/strong><\/p>\n\n\n\n<p>Semin\u00e1\u0159 Caf\u00e9<br>U Lu\u017eick\u00e9ho semin\u00e1\u0159e 15, Mal\u00e1 Strana, Prague<br><a href=\"http:\/\/www.seminarcafe.cz\/\">www.seminarcafe.cz<\/a><br>Daily 11 \u2013 22 h.<\/p>\n\n\n\n<figure class=\"wp-block-image size-large\"><img decoding=\"async\" loading=\"lazy\" width=\"1024\" height=\"727\" src=\"https:\/\/martinmarik.eu\/wp-content\/uploads\/2025\/09\/image-1-1024x727.png\" alt=\"\" class=\"wp-image-422\" srcset=\"https:\/\/martinmarik.eu\/wp-content\/uploads\/2025\/09\/image-1-1024x727.png 1024w, https:\/\/martinmarik.eu\/wp-content\/uploads\/2025\/09\/image-1-300x213.png 300w, https:\/\/martinmarik.eu\/wp-content\/uploads\/2025\/09\/image-1-768x545.png 768w, https:\/\/martinmarik.eu\/wp-content\/uploads\/2025\/09\/image-1-750x532.png 750w, https:\/\/martinmarik.eu\/wp-content\/uploads\/2025\/09\/image-1.png 1130w\" sizes=\"(max-width: 1024px) 100vw, 1024px\" \/><\/figure>\n\n\n\n<hr class=\"wp-block-separator has-alpha-channel-opacity\"\/>\n\n\n\n<hr class=\"wp-block-separator has-alpha-channel-opacity\"\/>\n\n\n\n<h2 class=\"wp-block-heading\">Past:<\/h2>\n\n\n\n<div class=\"wp-block-columns is-layout-flex wp-container-6\">\n<div class=\"wp-block-column is-layout-flow\" style=\"flex-basis:33.33%\">\n<figure class=\"wp-block-image size-full\"><img decoding=\"async\" loading=\"lazy\" width=\"300\" height=\"461\" src=\"https:\/\/martinmarik.eu\/wp-content\/uploads\/2025\/09\/image.png\" alt=\"\" class=\"wp-image-421\" srcset=\"https:\/\/martinmarik.eu\/wp-content\/uploads\/2025\/09\/image.png 300w, https:\/\/martinmarik.eu\/wp-content\/uploads\/2025\/09\/image-195x300.png 195w\" sizes=\"(max-width: 300px) 100vw, 300px\" \/><\/figure>\n<\/div>\n\n\n\n<div class=\"wp-block-column is-layout-flow\" style=\"flex-basis:66.66%\">\n<p><strong>Vinot\u00e9ka Mat\u011bj<\/strong><br>Butovick\u00e1 70, Praha 5<\/p>\n\n\n\n<p><strong>3. 2. 2025 \u2013 28. 2. 2025<\/strong><\/p>\n<\/div>\n<\/div>\n\n\n\n<hr class=\"wp-block-separator has-alpha-channel-opacity\"\/>\n\n\n\n<h2 class=\"wp-block-heading\">HEADS AND BIRDS, XI-XII\/2024<\/h2>\n\n\n\n<figure class=\"wp-block-image size-large\"><img decoding=\"async\" loading=\"lazy\" width=\"725\" height=\"1024\" src=\"https:\/\/martinmarik.eu\/wp-content\/uploads\/2024\/10\/vystava-cafe-zahorsky_plakaty-tisk_02-1-725x1024.jpg\" alt=\"\" class=\"wp-image-383\" srcset=\"https:\/\/martinmarik.eu\/wp-content\/uploads\/2024\/10\/vystava-cafe-zahorsky_plakaty-tisk_02-1-725x1024.jpg 725w, https:\/\/martinmarik.eu\/wp-content\/uploads\/2024\/10\/vystava-cafe-zahorsky_plakaty-tisk_02-1-212x300.jpg 212w, https:\/\/martinmarik.eu\/wp-content\/uploads\/2024\/10\/vystava-cafe-zahorsky_plakaty-tisk_02-1-768x1085.jpg 768w, https:\/\/martinmarik.eu\/wp-content\/uploads\/2024\/10\/vystava-cafe-zahorsky_plakaty-tisk_02-1-1087x1536.jpg 1087w, https:\/\/martinmarik.eu\/wp-content\/uploads\/2024\/10\/vystava-cafe-zahorsky_plakaty-tisk_02-1-750x1060.jpg 750w, https:\/\/martinmarik.eu\/wp-content\/uploads\/2024\/10\/vystava-cafe-zahorsky_plakaty-tisk_02-1.jpg 1123w\" sizes=\"(max-width: 725px) 100vw, 725px\" \/><\/figure>\n\n\n\n<hr class=\"wp-block-separator has-alpha-channel-opacity\"\/>\n\n\n\n<h2 class=\"wp-block-heading\">HEADS etc\u2026, IX-X\/2024<\/h2>\n\n\n\n<figure class=\"wp-block-image size-large is-resized\"><img decoding=\"async\" loading=\"lazy\" src=\"https:\/\/martinmarik.eu\/wp-content\/uploads\/2024\/09\/storage_emulated_0_Android_data_com.adobe_.reader_files_Pictures_Adobe-Acrobat-Exports_vystava-hlavy_u-posledniho-soudu_nahled_02_0-1-724x1024.jpg\" alt=\"\" class=\"wp-image-345\" width=\"538\" height=\"761\" srcset=\"https:\/\/martinmarik.eu\/wp-content\/uploads\/2024\/09\/storage_emulated_0_Android_data_com.adobe_.reader_files_Pictures_Adobe-Acrobat-Exports_vystava-hlavy_u-posledniho-soudu_nahled_02_0-1-724x1024.jpg 724w, https:\/\/martinmarik.eu\/wp-content\/uploads\/2024\/09\/storage_emulated_0_Android_data_com.adobe_.reader_files_Pictures_Adobe-Acrobat-Exports_vystava-hlavy_u-posledniho-soudu_nahled_02_0-1-212x300.jpg 212w, https:\/\/martinmarik.eu\/wp-content\/uploads\/2024\/09\/storage_emulated_0_Android_data_com.adobe_.reader_files_Pictures_Adobe-Acrobat-Exports_vystava-hlavy_u-posledniho-soudu_nahled_02_0-1-768x1086.jpg 768w, https:\/\/martinmarik.eu\/wp-content\/uploads\/2024\/09\/storage_emulated_0_Android_data_com.adobe_.reader_files_Pictures_Adobe-Acrobat-Exports_vystava-hlavy_u-posledniho-soudu_nahled_02_0-1-1086x1536.jpg 1086w, https:\/\/martinmarik.eu\/wp-content\/uploads\/2024\/09\/storage_emulated_0_Android_data_com.adobe_.reader_files_Pictures_Adobe-Acrobat-Exports_vystava-hlavy_u-posledniho-soudu_nahled_02_0-1-1448x2048.jpg 1448w, https:\/\/martinmarik.eu\/wp-content\/uploads\/2024\/09\/storage_emulated_0_Android_data_com.adobe_.reader_files_Pictures_Adobe-Acrobat-Exports_vystava-hlavy_u-posledniho-soudu_nahled_02_0-1-750x1061.jpg 750w, https:\/\/martinmarik.eu\/wp-content\/uploads\/2024\/09\/storage_emulated_0_Android_data_com.adobe_.reader_files_Pictures_Adobe-Acrobat-Exports_vystava-hlavy_u-posledniho-soudu_nahled_02_0-1-scaled.jpg 1810w\" sizes=\"(max-width: 538px) 100vw, 538px\" \/><\/figure>\n\n\n\n<p>Photo from vernissage:<\/p>\n\n\n\n<figure class=\"wp-block-image size-large is-resized\"><img decoding=\"async\" loading=\"lazy\" src=\"https:\/\/martinmarik.eu\/wp-content\/uploads\/2024\/09\/IMG_20240911_194536564-1-1024x768.jpg\" alt=\"\" class=\"wp-image-353\" width=\"541\" height=\"406\" srcset=\"https:\/\/martinmarik.eu\/wp-content\/uploads\/2024\/09\/IMG_20240911_194536564-1-1024x768.jpg 1024w, https:\/\/martinmarik.eu\/wp-content\/uploads\/2024\/09\/IMG_20240911_194536564-1-300x225.jpg 300w, https:\/\/martinmarik.eu\/wp-content\/uploads\/2024\/09\/IMG_20240911_194536564-1-768x576.jpg 768w, https:\/\/martinmarik.eu\/wp-content\/uploads\/2024\/09\/IMG_20240911_194536564-1-1536x1152.jpg 1536w, https:\/\/martinmarik.eu\/wp-content\/uploads\/2024\/09\/IMG_20240911_194536564-1-2048x1536.jpg 2048w, https:\/\/martinmarik.eu\/wp-content\/uploads\/2024\/09\/IMG_20240911_194536564-1-750x563.jpg 750w\" sizes=\"(max-width: 541px) 100vw, 541px\" \/><\/figure>\n\n\n\n<hr class=\"wp-block-separator has-alpha-channel-opacity\"\/>\n\n\n\n<h2 class=\"wp-block-heading\">HEADS, VI\/2023<\/h2>\n\n\n\n<figure class=\"wp-block-image size-large is-resized\"><img decoding=\"async\" loading=\"lazy\" src=\"https:\/\/martinmarik.eu\/wp-content\/uploads\/2024\/05\/Vernisaz-Marik-5.6.24-723x1024.jpg\" alt=\"\" class=\"wp-image-298\" width=\"542\" height=\"768\" srcset=\"https:\/\/martinmarik.eu\/wp-content\/uploads\/2024\/05\/Vernisaz-Marik-5.6.24-723x1024.jpg 723w, https:\/\/martinmarik.eu\/wp-content\/uploads\/2024\/05\/Vernisaz-Marik-5.6.24-212x300.jpg 212w, https:\/\/martinmarik.eu\/wp-content\/uploads\/2024\/05\/Vernisaz-Marik-5.6.24-768x1088.jpg 768w, https:\/\/martinmarik.eu\/wp-content\/uploads\/2024\/05\/Vernisaz-Marik-5.6.24-1084x1536.jpg 1084w, https:\/\/martinmarik.eu\/wp-content\/uploads\/2024\/05\/Vernisaz-Marik-5.6.24-750x1063.jpg 750w, https:\/\/martinmarik.eu\/wp-content\/uploads\/2024\/05\/Vernisaz-Marik-5.6.24.jpg 1120w\" sizes=\"(max-width: 542px) 100vw, 542px\" \/><\/figure>\n\n\n\n<p>  Photos from vernissage:<\/p>\n\n\n\n<div class=\"wp-block-columns is-layout-flex wp-container-9\">\n<div class=\"wp-block-column is-layout-flow\">\n<figure class=\"wp-block-image size-full\"><img decoding=\"async\" loading=\"lazy\" width=\"756\" height=\"1008\" src=\"https:\/\/martinmarik.eu\/wp-content\/uploads\/2024\/09\/IMG_1604_mala-1.jpg\" alt=\"\" class=\"wp-image-324\" srcset=\"https:\/\/martinmarik.eu\/wp-content\/uploads\/2024\/09\/IMG_1604_mala-1.jpg 756w, https:\/\/martinmarik.eu\/wp-content\/uploads\/2024\/09\/IMG_1604_mala-1-225x300.jpg 225w, https:\/\/martinmarik.eu\/wp-content\/uploads\/2024\/09\/IMG_1604_mala-1-750x1000.jpg 750w\" sizes=\"(max-width: 756px) 100vw, 756px\" \/><\/figure>\n<\/div>\n\n\n\n<div class=\"wp-block-column is-layout-flow\">\n<figure class=\"wp-block-image size-full\"><img decoding=\"async\" loading=\"lazy\" width=\"756\" height=\"1008\" src=\"https:\/\/martinmarik.eu\/wp-content\/uploads\/2024\/09\/IMG_1606_mala-1.jpg\" alt=\"\" class=\"wp-image-326\" srcset=\"https:\/\/martinmarik.eu\/wp-content\/uploads\/2024\/09\/IMG_1606_mala-1.jpg 756w, https:\/\/martinmarik.eu\/wp-content\/uploads\/2024\/09\/IMG_1606_mala-1-225x300.jpg 225w, https:\/\/martinmarik.eu\/wp-content\/uploads\/2024\/09\/IMG_1606_mala-1-750x1000.jpg 750w\" sizes=\"(max-width: 756px) 100vw, 756px\" \/><\/figure>\n<\/div>\n<\/div>\n\n\n\n<hr class=\"wp-block-separator has-alpha-channel-opacity\"\/>\n\n\n\n<h2 class=\"wp-block-heading\">Martin Ma\u0159\u00edk, V-VI\/2023<\/h2>\n\n\n\n<figure class=\"wp-block-image size-full\"><img decoding=\"async\" loading=\"lazy\" width=\"2500\" height=\"1308\" src=\"https:\/\/martinmarik.eu\/wp-content\/uploads\/2023\/06\/marik_pozvanka.jpg\" alt=\"\" class=\"wp-image-176\" srcset=\"https:\/\/martinmarik.eu\/wp-content\/uploads\/2023\/06\/marik_pozvanka.jpg 2500w, https:\/\/martinmarik.eu\/wp-content\/uploads\/2023\/06\/marik_pozvanka-300x157.jpg 300w, https:\/\/martinmarik.eu\/wp-content\/uploads\/2023\/06\/marik_pozvanka-1024x536.jpg 1024w, https:\/\/martinmarik.eu\/wp-content\/uploads\/2023\/06\/marik_pozvanka-768x402.jpg 768w, https:\/\/martinmarik.eu\/wp-content\/uploads\/2023\/06\/marik_pozvanka-1536x804.jpg 1536w, https:\/\/martinmarik.eu\/wp-content\/uploads\/2023\/06\/marik_pozvanka-2048x1072.jpg 2048w, https:\/\/martinmarik.eu\/wp-content\/uploads\/2023\/06\/marik_pozvanka-750x392.jpg 750w\" sizes=\"(max-width: 2500px) 100vw, 2500px\" \/><\/figure>\n\n\n\n<p><\/p>\n\n\n\n<p>Photos from vernissage:<\/p>\n\n\n\n<div class=\"wp-block-columns is-layout-flex wp-container-14\">\n<div class=\"wp-block-column is-layout-flow\" style=\"flex-basis:100%\">\n<div class=\"wp-block-columns is-layout-flex wp-container-12\">\n<div class=\"wp-block-column is-layout-flow\">\n<figure class=\"wp-block-image size-large\"><img decoding=\"async\" loading=\"lazy\" width=\"1024\" height=\"683\" src=\"https:\/\/martinmarik.eu\/wp-content\/uploads\/2023\/08\/vernis-3-1024x683.jpg\" alt=\"\" class=\"wp-image-237\" srcset=\"https:\/\/martinmarik.eu\/wp-content\/uploads\/2023\/08\/vernis-3-1024x683.jpg 1024w, https:\/\/martinmarik.eu\/wp-content\/uploads\/2023\/08\/vernis-3-300x200.jpg 300w, https:\/\/martinmarik.eu\/wp-content\/uploads\/2023\/08\/vernis-3-768x512.jpg 768w, https:\/\/martinmarik.eu\/wp-content\/uploads\/2023\/08\/vernis-3-750x500.jpg 750w, https:\/\/martinmarik.eu\/wp-content\/uploads\/2023\/08\/vernis-3.jpg 1334w\" sizes=\"(max-width: 1024px) 100vw, 1024px\" \/><\/figure>\n<\/div>\n\n\n\n<div class=\"wp-block-column is-layout-flow\">\n<figure class=\"wp-block-image size-large\"><img decoding=\"async\" loading=\"lazy\" width=\"1024\" height=\"683\" src=\"https:\/\/martinmarik.eu\/wp-content\/uploads\/2023\/08\/vernisaz-2-3-1024x683.jpg\" alt=\"\" class=\"wp-image-238\" srcset=\"https:\/\/martinmarik.eu\/wp-content\/uploads\/2023\/08\/vernisaz-2-3-1024x683.jpg 1024w, https:\/\/martinmarik.eu\/wp-content\/uploads\/2023\/08\/vernisaz-2-3-300x200.jpg 300w, https:\/\/martinmarik.eu\/wp-content\/uploads\/2023\/08\/vernisaz-2-3-768x512.jpg 768w, https:\/\/martinmarik.eu\/wp-content\/uploads\/2023\/08\/vernisaz-2-3-750x500.jpg 750w, https:\/\/martinmarik.eu\/wp-content\/uploads\/2023\/08\/vernisaz-2-3.jpg 1368w\" sizes=\"(max-width: 1024px) 100vw, 1024px\" \/><\/figure>\n<\/div>\n<\/div>\n<\/div>\n<\/div>\n","protected":false},"excerpt":{"rendered":"<p>Past: ChampagneriaPr\u016fchodn\u00ed 4, Star\u00e9 M\u011bsto open Mon-Fri 4 p.m. &#8211; 12 p.m. www.champagneria.cz A photo and a video from the vernissage: Painting exhibition and sale September 11 &#8211; October 31 2025 Vinn\u00fd \u00dajezd&nbsp;in PraguePraha 1, \u00dajezd 409\/19, Open Mon-Fri 17 \u2013 24 h. www.vinnyujezd.cz Painting exhibition and sale August &#8211; December 2025 Semin\u00e1\u0159 Caf\u00e9U Lu\u017eick\u00e9ho [&hellip;]<\/p>\n","protected":false},"author":1,"featured_media":0,"parent":0,"menu_order":2,"comment_status":"closed","ping_status":"closed","template":"","meta":[],"_links":{"self":[{"href":"https:\/\/martinmarik.eu\/index.php\/wp-json\/wp\/v2\/pages\/200"}],"collection":[{"href":"https:\/\/martinmarik.eu\/index.php\/wp-json\/wp\/v2\/pages"}],"about":[{"href":"https:\/\/martinmarik.eu\/index.php\/wp-json\/wp\/v2\/types\/page"}],"author":[{"embeddable":true,"href":"https:\/\/martinmarik.eu\/index.php\/wp-json\/wp\/v2\/users\/1"}],"replies":[{"embeddable":true,"href":"https:\/\/martinmarik.eu\/index.php\/wp-json\/wp\/v2\/comments?post=200"}],"version-history":[{"count":17,"href":"https:\/\/martinmarik.eu\/index.php\/wp-json\/wp\/v2\/pages\/200\/revisions"}],"predecessor-version":[{"id":530,"href":"https:\/\/martinmarik.eu\/index.php\/wp-json\/wp\/v2\/pages\/200\/revisions\/530"}],"wp:attachment":[{"href":"https:\/\/martinmarik.eu\/index.php\/wp-json\/wp\/v2\/media?parent=200"}],"curies":[{"name":"wp","href":"https:\/\/api.w.org\/{rel}","templated":true}]}}