{"id":259,"date":"2024-02-22T10:33:57","date_gmt":"2024-02-22T09:33:57","guid":{"rendered":"https:\/\/martinmarik.eu\/?page_id=259"},"modified":"2024-02-24T14:50:11","modified_gmt":"2024-02-24T13:50:11","slug":"knihy","status":"publish","type":"page","link":"https:\/\/martinmarik.eu\/index.php\/knihy\/","title":{"rendered":"Knihy"},"content":{"rendered":"\n<div class=\"wp-block-columns is-layout-flex wp-container-3\">\n<div class=\"wp-block-column is-layout-flow\">\n<figure class=\"wp-block-image size-full\"><img decoding=\"async\" loading=\"lazy\" width=\"450\" height=\"771\" src=\"https:\/\/martinmarik.eu\/wp-content\/uploads\/2024\/02\/olympos_mons-big.jpg\" alt=\"kniha Olympos Mons: priv\u00e1tn\u00ed genocida\" class=\"wp-image-260\" srcset=\"https:\/\/martinmarik.eu\/wp-content\/uploads\/2024\/02\/olympos_mons-big.jpg 450w, https:\/\/martinmarik.eu\/wp-content\/uploads\/2024\/02\/olympos_mons-big-175x300.jpg 175w\" sizes=\"(max-width: 450px) 100vw, 450px\" \/><\/figure>\n<\/div>\n\n\n\n<div class=\"wp-block-column is-layout-flow\">\n<p><strong>Uk\u00e1zka z knihy:<\/strong><\/p>\n\n\n\n<p>Von\u00edc\u00ed bory \u0159eck\u00e9ho Olympu, erupce stejnojmenn\u00e9 nejv\u011bt\u0161\u00ed sopky slune\u010dn\u00ed soustavy na Marsu, ponor do \u010dern\u00fdch hlubin oce\u00e1nu &#8211; <br>a z\u00e1plava dal\u0161\u00edch m\u00edst a ud\u00e1lost\u00ed prol\u00edn\u00e1 b\u00e1snivou pr\u00f3zou, je\u017e provede \u010dten\u00e1\u0159ovu mysl labyrintem obraz\u016f, \u00favah, lapid\u00e1rn\u011b popsan\u00fdch i za\u0161ifrovan\u00fdch, fat\u00e1ln\u00edch i v\u0161edn\u00edch epizod. Ze str\u00e1nek knihy se vyno\u0159\u00ed n\u011bm\u00fd vy\u0161et\u0159ovatel Tade\u00e1\u0161 Gaddi, lhostejn\u00fd k vra\u017ed\u011b, jej\u00ed\u017e objasn\u011bn\u00ed m\u016f\u017ee (a nemus\u00ed) z\u016fstat h\u00e1dankou, stejn\u011b jako &#8222;vyhlazen\u00ed&#8220; v\u00edce ne\u017e t\u0159\u00ed des\u00edtek postav, jejich\u017e jm\u00e9na rovn\u011b\u017e za\u010d\u00ednaj\u00ed p\u00edsmenem G. Vejdeme i do kostela, jen\u017e z\u00e1m\u011brn\u011b p\u0159ipom\u00edn\u00e1 \u017eensk\u00e9 l\u016fno &#8211; a mo\u017en\u00e1 zjist\u00edme, pro\u010d pr\u00e1v\u011b tam.<\/p>\n\n\n\n<p><br><\/p>\n\n\n\n<p><\/p>\n\n\n\n<p>Knihu Martina Ma\u0159\u00edka <em>Olympos Mons: Priv\u00e1tn\u00ed genocida<\/em>, vydalo v&nbsp;roce 2023 nakladatelstv\u00ed Dauphin. Je autorovou prvotinou, uk\u00e1zka z n\u00ed vy\u0161la v roce 2021 v&nbsp;<em>Revolver Revue<\/em>&nbsp;pod titulkem&nbsp;<em>Imago<\/em>.<\/p>\n\n\n\n<p><\/p>\n\n\n\n<p>Lze ji objednat u vydavatele <a href=\"https:\/\/www.dauphin.cz\/book_978-80-7645-449-1.html\" data-type=\"URL\" data-id=\"https:\/\/www.dauphin.cz\/book_978-80-7645-449-1.html\" target=\"_blank\" rel=\"noreferrer noopener\">Dauphin zde<\/a> a tak\u00e9 na webov\u00fdch str\u00e1nk\u00e1ch velk\u00fdch knihkupectv\u00ed.<\/p>\n\n\n\n<p>Nebo rovnou zakoupit v&nbsp;pra\u017esk\u00fdch knihkupectv\u00edch<br>Ostrov, Ostrovn\u00ed 17, Praha 1. <a rel=\"noreferrer noopener\" href=\"http:\/\/www.knihkupectviostrov.cz\" data-type=\"URL\" data-id=\"www.knihkupectviostrov.cz\" target=\"_blank\">www.knihkupectviostrov.cz<\/a><br>\u010di<br>Rekomando, Trojanova 9, Nov\u00e9 M\u011bsto, <a rel=\"noreferrer noopener\" href=\"http:\/\/www.rekomando.eu\" data-type=\"URL\" data-id=\"www.rekomando.eu\" target=\"_blank\">www.rekomando.eu<\/a><\/p>\n<\/div>\n<\/div>\n\n\n\n<p><\/p>\n","protected":false},"excerpt":{"rendered":"<p>Uk\u00e1zka z knihy: Von\u00edc\u00ed bory \u0159eck\u00e9ho Olympu, erupce stejnojmenn\u00e9 nejv\u011bt\u0161\u00ed sopky slune\u010dn\u00ed soustavy na Marsu, ponor do \u010dern\u00fdch hlubin oce\u00e1nu &#8211; a z\u00e1plava dal\u0161\u00edch m\u00edst a ud\u00e1lost\u00ed prol\u00edn\u00e1 b\u00e1snivou pr\u00f3zou, je\u017e provede \u010dten\u00e1\u0159ovu mysl labyrintem obraz\u016f, \u00favah, lapid\u00e1rn\u011b popsan\u00fdch i za\u0161ifrovan\u00fdch, fat\u00e1ln\u00edch i v\u0161edn\u00edch epizod. Ze str\u00e1nek knihy se vyno\u0159\u00ed n\u011bm\u00fd vy\u0161et\u0159ovatel Tade\u00e1\u0161 Gaddi, lhostejn\u00fd [&hellip;]<\/p>\n","protected":false},"author":1,"featured_media":0,"parent":0,"menu_order":3,"comment_status":"closed","ping_status":"closed","template":"","meta":[],"_links":{"self":[{"href":"https:\/\/martinmarik.eu\/index.php\/wp-json\/wp\/v2\/pages\/259"}],"collection":[{"href":"https:\/\/martinmarik.eu\/index.php\/wp-json\/wp\/v2\/pages"}],"about":[{"href":"https:\/\/martinmarik.eu\/index.php\/wp-json\/wp\/v2\/types\/page"}],"author":[{"embeddable":true,"href":"https:\/\/martinmarik.eu\/index.php\/wp-json\/wp\/v2\/users\/1"}],"replies":[{"embeddable":true,"href":"https:\/\/martinmarik.eu\/index.php\/wp-json\/wp\/v2\/comments?post=259"}],"version-history":[{"count":10,"href":"https:\/\/martinmarik.eu\/index.php\/wp-json\/wp\/v2\/pages\/259\/revisions"}],"predecessor-version":[{"id":282,"href":"https:\/\/martinmarik.eu\/index.php\/wp-json\/wp\/v2\/pages\/259\/revisions\/282"}],"wp:attachment":[{"href":"https:\/\/martinmarik.eu\/index.php\/wp-json\/wp\/v2\/media?parent=259"}],"curies":[{"name":"wp","href":"https:\/\/api.w.org\/{rel}","templated":true}]}}